{"id":475,"date":"2019-12-04T16:17:13","date_gmt":"2019-12-04T16:17:13","guid":{"rendered":"https:\/\/calvibo.com\/blog\/"},"modified":"2021-04-06T15:38:15","modified_gmt":"2021-04-06T15:38:15","slug":"agenda","status":"publish","type":"page","link":"https:\/\/calvibo.com\/ca\/agenda\/","title":{"rendered":"Bloc"},"content":{"rendered":"<p>[vc_row css_animation=&#8221;&#8221; row_type=&#8221;row&#8221; use_row_as_full_screen_section=&#8221;no&#8221; type=&#8221;grid&#8221; angled_section=&#8221;no&#8221; text_align=&#8221;left&#8221; background_image_as_pattern=&#8221;without_pattern&#8221; el_class=&#8221;paddingcabecera&#8221; z_index=&#8221;1&#8243; css=&#8221;.vc_custom_1578995172084{background-color: #fff5eb !important;}&#8221;][vc_column css_animation=&#8221;fadeInUp&#8221; width=&#8221;1\/6&#8243;][\/vc_column][vc_column width=&#8221;2\/3&#8243;][vc_column_text]<\/p>\n<h1 class=\"cabecera\">Bloc<\/h1>\n<p>En aquest apartat trobar\u00e0s els millors trucs i consells de viatge per allotjar-te en una casa rural. Tens dubtes de com \u00e9s un allotjament rural? Vols con\u00e8ixer la nostra zona? O t&#8217;agradaria con\u00e8ixer nous jocs per passar una tarda divertida en fam\u00edlia? Aqu\u00ed trobar\u00e0s tot tipus de continguts. I a m\u00e9s, alguna que una altra curiositat que t&#8217;ajudar\u00e0 molt en la teva estada a Cal Vibo. Vinga! Comen\u00e7a a llegir &#8230;[\/vc_column_text][vc_raw_html]JTNDZGl2JTIwY2xhc3MlM0QlMjJsaW5lYWNhYmVjZXJhJTIyJTNFJTNDJTJGZGl2JTNF[\/vc_raw_html][\/vc_column][vc_column width=&#8221;1\/6&#8243;][\/vc_column][\/vc_row][vc_row css_animation=&#8221;&#8221; row_type=&#8221;row&#8221; use_row_as_full_screen_section=&#8221;no&#8221; type=&#8221;grid&#8221; angled_section=&#8221;no&#8221; text_align=&#8221;left&#8221; background_image_as_pattern=&#8221;without_pattern&#8221; css=&#8221;.vc_custom_1578995356675{background-color: #fff5eb !important;}&#8221; z_index=&#8221;&#8221; el_class=&#8221;paddingsecciones&#8221;][vc_column]<div class='q_masonry_blog'><div class=\"q_masonry_blog_grid_sizer\"><\/div><div class=\"q_masonry_blog_grid_gutter\"><\/div><article  class='post-884 post type-post status-publish format-standard has-post-thumbnail hentry category-agenda-ca '><div class=\"q_masonry_blog_post_image\"><a itemprop=\"url\" href=\"https:\/\/calvibo.com\/ca\/carnaval-a-vilabella-vine-a-cal-vibo\/\" target=\"_self\"><img decoding=\"async\" itemprop=\"image\" src=\"https:\/\/calvibo.com\/wp-content\/uploads\/2020\/02\/carnaval_agenda-2.jpg\" \/><\/a><\/div><div class=\"q_masonry_blog_post_text\"><h3 itemprop=\"name\" class=\"q_masonry_blog_title entry_title\"><a itemprop=\"url\" href=\"https:\/\/calvibo.com\/ca\/carnaval-a-vilabella-vine-a-cal-vibo\/\">Carnaval a Vilabella. Vine a cal ViBo!<\/a><\/h3><p itemprop=\"description\" class=\"q_masonry_blog_excerpt\">CARNESTOLTES\u00a0\u00a0 2020 Vilabella, el poble on est\u00e0 situada la nostra casa rural &#x1f4c5; febrer 29 Rua pels carrers del poble, crema de l&#8217;Carnestoltes, berenar, concurs de disfresses, sopar de tuper, i festa amb DJ. No t&#8217;ho perdis i gaudeix d&#8217;un carnaval diferent a la nostra......<\/p><div class=\"q_masonry_blog_post_info\"><span itemprop=\"dateCreated\" class=\"time entry_date updated\">20 febrer, 2020<meta itemprop=\"interactionCount\" content=\"UserComments: <?php echo get_comments_number(qode_get_page_id()); ?>\"\/><\/span><\/div><\/div><\/article><article  class='post-879 post type-post status-publish format-standard has-post-thumbnail hentry category-agenda-ca '><div class=\"q_masonry_blog_post_image\"><a itemprop=\"url\" href=\"https:\/\/calvibo.com\/ca\/festa-de-la-calcotada-viu-la-a-cal-vibo\/\" target=\"_self\"><img decoding=\"async\" itemprop=\"image\" src=\"https:\/\/calvibo.com\/wp-content\/uploads\/2020\/01\/foto-menjar-cal\u00e7ot.jpg\" \/><\/a><\/div><div class=\"q_masonry_blog_post_text\"><h3 itemprop=\"name\" class=\"q_masonry_blog_title entry_title\"><a itemprop=\"url\" href=\"https:\/\/calvibo.com\/ca\/festa-de-la-calcotada-viu-la-a-cal-vibo\/\">Festa de la cal\u00e7otada. \u00a1Viu-la a cal ViBo!<\/a><\/h3><p itemprop=\"description\" class=\"q_masonry_blog_excerpt\">Hem de confessar-te que a Cal Vibo ens encanten els cal\u00e7ots i per aix\u00f2 volem que t&#8217;uneixis a nosaltres per gaudir d&#8217;aquest menjar. &nbsp; Com es cuinen? La forma tradicional de fer-los \u00e9s sobre flames de radoltes i es menjen amb\u00a0 salsa romesco exquisita. Un......<\/p><div class=\"q_masonry_blog_post_info\"><span itemprop=\"dateCreated\" class=\"time entry_date updated\">20 febrer, 2020<meta itemprop=\"interactionCount\" content=\"UserComments: <?php echo get_comments_number(qode_get_page_id()); ?>\"\/><\/span><\/div><\/div><\/article><article  class='post-916 post type-post status-publish format-standard has-post-thumbnail hentry category-agenda-ca '><div class=\"q_masonry_blog_post_image\"><a itemprop=\"url\" href=\"https:\/\/calvibo.com\/ca\/retir-ioga-rural-27-nov-des-de-cal-vibo-entre-botes-de-vi\/\" target=\"_self\"><img decoding=\"async\" itemprop=\"image\" src=\"https:\/\/calvibo.com\/wp-content\/uploads\/2021\/10\/foto-yoga-al-camp.jpg\" \/><\/a><\/div><div class=\"q_masonry_blog_post_text\"><h3 itemprop=\"name\" class=\"q_masonry_blog_title entry_title\"><a itemprop=\"url\" href=\"https:\/\/calvibo.com\/ca\/retir-ioga-rural-27-nov-des-de-cal-vibo-entre-botes-de-vi\/\">Retir d&#8217; ioga rural 27 nov. Des de cal ViBo! Entre botes de vi<\/a><\/h3><p itemprop=\"description\" class=\"q_masonry_blog_excerpt\">\u00a0RETIR D&#8217; IOGA RURAL 27 novembre, cal Vibo. Has participat alguna vegada d&#8217;un retir de ioga? T&#8217;agradaria gaudir-ho en un entorn rural? Segur que alguna vegada has sentit parlar d&#8217;algun retir&#8230; per\u00f2 entre barriques de vi? El primer que has de saber \u00e9s que se......<\/p><div class=\"q_masonry_blog_post_info\"><span itemprop=\"dateCreated\" class=\"time entry_date updated\">04 octubre, 2021<meta itemprop=\"interactionCount\" content=\"UserComments: <?php echo get_comments_number(qode_get_page_id()); ?>\"\/><\/span><\/div><\/div><\/article><\/div>[\/vc_column][\/vc_row]<\/p>\n","protected":false},"excerpt":{"rendered":"<p>[vc_row css_animation=&#8221;&#8221; row_type=&#8221;row&#8221; use_row_as_full_screen_section=&#8221;no&#8221; type=&#8221;grid&#8221; angled_section=&#8221;no&#8221; text_align=&#8221;left&#8221; background_image_as_pattern=&#8221;without_pattern&#8221; el_class=&#8221;paddingcabecera&#8221; z_index=&#8221;1&#8243; css=&#8221;.vc_custom_1578995172084{background-color: #fff5eb !important;}&#8221;][vc_column css_animation=&#8221;fadeInUp&#8221; width=&#8221;1\/6&#8243;][\/vc_column][vc_column width=&#8221;2\/3&#8243;][vc_column_text] Bloc En aquest apartat trobar\u00e0s els millors trucs i consells de viatge per allotjar-te en una casa rural. Tens dubtes de com \u00e9s un allotjament rural? Vols con\u00e8ixer la&#8230;<\/p>\n","protected":false},"author":1,"featured_media":0,"parent":0,"menu_order":0,"comment_status":"closed","ping_status":"closed","template":"full_width.php","meta":{"_joinchat":[],"footnotes":""},"class_list":["post-475","page","type-page","status-publish","hentry"],"yoast_head":"<!-- This site is optimized with the Yoast SEO plugin v26.8 - https:\/\/yoast.com\/product\/yoast-seo-wordpress\/ -->\n<title>Bloc - Casa Rural Cal Vibo en Vilabella del Alt Camp<\/title>\n<meta name=\"robots\" content=\"index, follow, max-snippet:-1, max-image-preview:large, max-video-preview:-1\" \/>\n<link rel=\"canonical\" href=\"https:\/\/calvibo.com\/ca\/agenda\/\" \/>\n<meta property=\"og:locale\" content=\"ca_ES\" \/>\n<meta property=\"og:type\" content=\"article\" \/>\n<meta property=\"og:title\" content=\"Bloc - Casa Rural Cal Vibo en Vilabella del Alt Camp\" \/>\n<meta property=\"og:description\" content=\"[vc_row css_animation=&#8221;&#8221; row_type=&#8221;row&#8221; use_row_as_full_screen_section=&#8221;no&#8221; type=&#8221;grid&#8221; angled_section=&#8221;no&#8221; text_align=&#8221;left&#8221; background_image_as_pattern=&#8221;without_pattern&#8221; el_class=&#8221;paddingcabecera&#8221; z_index=&#8221;1&#8243; css=&#8221;.vc_custom_1578995172084{background-color: #fff5eb !important;}&#8221;][vc_column css_animation=&#8221;fadeInUp&#8221; width=&#8221;1\/6&#8243;][\/vc_column][vc_column width=&#8221;2\/3&#8243;][vc_column_text] Bloc En aquest apartat trobar\u00e0s els millors trucs i consells de viatge per allotjar-te en una casa rural. Tens dubtes de com \u00e9s un allotjament rural? Vols con\u00e8ixer la...\" \/>\n<meta property=\"og:url\" content=\"https:\/\/calvibo.com\/ca\/agenda\/\" \/>\n<meta property=\"og:site_name\" content=\"Casa Rural Cal Vibo en Vilabella del Alt Camp\" \/>\n<meta property=\"article:modified_time\" content=\"2021-04-06T15:38:15+00:00\" \/>\n<meta name=\"twitter:card\" content=\"summary_large_image\" \/>\n<meta name=\"twitter:label1\" content=\"Temps estimat de lectura\" \/>\n\t<meta name=\"twitter:data1\" content=\"1 minut\" \/>\n<script type=\"application\/ld+json\" class=\"yoast-schema-graph\">{\"@context\":\"https:\/\/schema.org\",\"@graph\":[{\"@type\":\"WebPage\",\"@id\":\"https:\/\/calvibo.com\/ca\/agenda\/\",\"url\":\"https:\/\/calvibo.com\/ca\/agenda\/\",\"name\":\"Bloc - Casa Rural Cal Vibo en Vilabella del Alt Camp\",\"isPartOf\":{\"@id\":\"https:\/\/calvibo.com\/ca\/#website\"},\"datePublished\":\"2019-12-04T16:17:13+00:00\",\"dateModified\":\"2021-04-06T15:38:15+00:00\",\"breadcrumb\":{\"@id\":\"https:\/\/calvibo.com\/ca\/agenda\/#breadcrumb\"},\"inLanguage\":\"ca\",\"potentialAction\":[{\"@type\":\"ReadAction\",\"target\":[\"https:\/\/calvibo.com\/ca\/agenda\/\"]}]},{\"@type\":\"BreadcrumbList\",\"@id\":\"https:\/\/calvibo.com\/ca\/agenda\/#breadcrumb\",\"itemListElement\":[{\"@type\":\"ListItem\",\"position\":1,\"name\":\"Portada\",\"item\":\"https:\/\/calvibo.com\/ca\/\"},{\"@type\":\"ListItem\",\"position\":2,\"name\":\"Bloc\"}]},{\"@type\":\"WebSite\",\"@id\":\"https:\/\/calvibo.com\/ca\/#website\",\"url\":\"https:\/\/calvibo.com\/ca\/\",\"name\":\"Casa Rural Cal Vibo en Vilabella del Alt Camp\",\"description\":\"Casa rural situada en Vilabella poblaci\u00f3n del Alt Camp. Casa rural entera ideal para familias. Rodeada de vi\u00f1edos.\",\"potentialAction\":[{\"@type\":\"SearchAction\",\"target\":{\"@type\":\"EntryPoint\",\"urlTemplate\":\"https:\/\/calvibo.com\/ca\/?s={search_term_string}\"},\"query-input\":{\"@type\":\"PropertyValueSpecification\",\"valueRequired\":true,\"valueName\":\"search_term_string\"}}],\"inLanguage\":\"ca\"}]}<\/script>\n<!-- \/ Yoast SEO plugin. -->","yoast_head_json":{"title":"Bloc - Casa Rural Cal Vibo en Vilabella del Alt Camp","robots":{"index":"index","follow":"follow","max-snippet":"max-snippet:-1","max-image-preview":"max-image-preview:large","max-video-preview":"max-video-preview:-1"},"canonical":"https:\/\/calvibo.com\/ca\/agenda\/","og_locale":"ca_ES","og_type":"article","og_title":"Bloc - Casa Rural Cal Vibo en Vilabella del Alt Camp","og_description":"[vc_row css_animation=&#8221;&#8221; row_type=&#8221;row&#8221; use_row_as_full_screen_section=&#8221;no&#8221; type=&#8221;grid&#8221; angled_section=&#8221;no&#8221; text_align=&#8221;left&#8221; background_image_as_pattern=&#8221;without_pattern&#8221; el_class=&#8221;paddingcabecera&#8221; z_index=&#8221;1&#8243; css=&#8221;.vc_custom_1578995172084{background-color: #fff5eb !important;}&#8221;][vc_column css_animation=&#8221;fadeInUp&#8221; width=&#8221;1\/6&#8243;][\/vc_column][vc_column width=&#8221;2\/3&#8243;][vc_column_text] Bloc En aquest apartat trobar\u00e0s els millors trucs i consells de viatge per allotjar-te en una casa rural. Tens dubtes de com \u00e9s un allotjament rural? Vols con\u00e8ixer la...","og_url":"https:\/\/calvibo.com\/ca\/agenda\/","og_site_name":"Casa Rural Cal Vibo en Vilabella del Alt Camp","article_modified_time":"2021-04-06T15:38:15+00:00","twitter_card":"summary_large_image","twitter_misc":{"Temps estimat de lectura":"1 minut"},"schema":{"@context":"https:\/\/schema.org","@graph":[{"@type":"WebPage","@id":"https:\/\/calvibo.com\/ca\/agenda\/","url":"https:\/\/calvibo.com\/ca\/agenda\/","name":"Bloc - Casa Rural Cal Vibo en Vilabella del Alt Camp","isPartOf":{"@id":"https:\/\/calvibo.com\/ca\/#website"},"datePublished":"2019-12-04T16:17:13+00:00","dateModified":"2021-04-06T15:38:15+00:00","breadcrumb":{"@id":"https:\/\/calvibo.com\/ca\/agenda\/#breadcrumb"},"inLanguage":"ca","potentialAction":[{"@type":"ReadAction","target":["https:\/\/calvibo.com\/ca\/agenda\/"]}]},{"@type":"BreadcrumbList","@id":"https:\/\/calvibo.com\/ca\/agenda\/#breadcrumb","itemListElement":[{"@type":"ListItem","position":1,"name":"Portada","item":"https:\/\/calvibo.com\/ca\/"},{"@type":"ListItem","position":2,"name":"Bloc"}]},{"@type":"WebSite","@id":"https:\/\/calvibo.com\/ca\/#website","url":"https:\/\/calvibo.com\/ca\/","name":"Casa Rural Cal Vibo en Vilabella del Alt Camp","description":"Casa rural situada en Vilabella poblaci\u00f3n del Alt Camp. Casa rural entera ideal para familias. Rodeada de vi\u00f1edos.","potentialAction":[{"@type":"SearchAction","target":{"@type":"EntryPoint","urlTemplate":"https:\/\/calvibo.com\/ca\/?s={search_term_string}"},"query-input":{"@type":"PropertyValueSpecification","valueRequired":true,"valueName":"search_term_string"}}],"inLanguage":"ca"}]}},"_links":{"self":[{"href":"https:\/\/calvibo.com\/ca\/wp-json\/wp\/v2\/pages\/475","targetHints":{"allow":["GET"]}}],"collection":[{"href":"https:\/\/calvibo.com\/ca\/wp-json\/wp\/v2\/pages"}],"about":[{"href":"https:\/\/calvibo.com\/ca\/wp-json\/wp\/v2\/types\/page"}],"author":[{"embeddable":true,"href":"https:\/\/calvibo.com\/ca\/wp-json\/wp\/v2\/users\/1"}],"replies":[{"embeddable":true,"href":"https:\/\/calvibo.com\/ca\/wp-json\/wp\/v2\/comments?post=475"}],"version-history":[{"count":8,"href":"https:\/\/calvibo.com\/ca\/wp-json\/wp\/v2\/pages\/475\/revisions"}],"predecessor-version":[{"id":899,"href":"https:\/\/calvibo.com\/ca\/wp-json\/wp\/v2\/pages\/475\/revisions\/899"}],"wp:attachment":[{"href":"https:\/\/calvibo.com\/ca\/wp-json\/wp\/v2\/media?parent=475"}],"curies":[{"name":"wp","href":"https:\/\/api.w.org\/{rel}","templated":true}]}}