{"id":454,"date":"2019-11-26T09:35:41","date_gmt":"2019-11-26T09:35:41","guid":{"rendered":"https:\/\/calvibo.com\/reservas\/"},"modified":"2026-01-22T15:55:03","modified_gmt":"2026-01-22T15:55:03","slug":"reserves","status":"publish","type":"page","link":"https:\/\/calvibo.com\/ca\/reserves\/","title":{"rendered":"Reserves"},"content":{"rendered":"<p>[vc_row css_animation=&#8221;&#8221; row_type=&#8221;row&#8221; use_row_as_full_screen_section=&#8221;no&#8221; type=&#8221;grid&#8221; angled_section=&#8221;no&#8221; text_align=&#8221;left&#8221; background_image_as_pattern=&#8221;without_pattern&#8221; el_class=&#8221;paddingcabecera&#8221; z_index=&#8221;1&#8243; css=&#8221;.vc_custom_1574764694808{background-color: #fff5eb !important;}&#8221;][vc_column css_animation=&#8221;fadeInUp&#8221; width=&#8221;1\/6&#8243;][\/vc_column][vc_column width=&#8221;2\/3&#8243;][vc_column_text]<\/p>\n<h1 class=\"cabecera\">T&#8217;agradaria reservar la teva estada a Cal Vibo?<\/h1>\n<p>Fant\u00e0stic, ens encanta que hagis escollit la nostra casa rural per passar unes vacances especials. Ara nom\u00e9s has d&#8217;emplenar un petit formulari perqu\u00e8 la nostra casolana Olga pugui fer un pressupost totalment personalitzat. <\/p>\n<p>Endavant! No esperis m\u00e9s per gaudir d&#8217;unes vacances merescudes a preu de ganga.[\/vc_column_text][vc_raw_html]PGRpdiBjbGFzcz0ibGluZWFjYWJlY2VyYWNvbnRhY3RvIi8+[\/vc_raw_html][\/vc_column][vc_column width=&#8221;1\/6&#8243;][\/vc_column][\/vc_row][vc_row css_animation=&#8221;&#8221; row_type=&#8221;row&#8221; use_row_as_full_screen_section=&#8221;yes&#8221; type=&#8221;grid&#8221; angled_section=&#8221;no&#8221; text_align=&#8221;left&#8221; background_image_as_pattern=&#8221;without_pattern&#8221; el_class=&#8221;paddingsecciones&#8221; z_index=&#8221;0&#8243; background_color=&#8221;#fff5eb&#8221;][vc_column css_animation=&#8221;fadeInUp&#8221; width=&#8221;1\/6&#8243; css=&#8221;.vc_custom_1574763453804{padding-right: 0px !important;}&#8221;][\/vc_column][vc_column width=&#8221;2\/3&#8243;][qode_elements_holder number_of_columns=&#8221;one_column&#8221;][qode_elements_holder_item advanced_animations=&#8221;no&#8221; custom_class=&#8221;boxform&#8221; item_padding=&#8221;60px 30px&#8221;][vc_column_text]<\/p>\n<h2 class=\"subtitulo\" style=\"text-align: center;\">Omple aquest formulari i ben aviat ens posarem en contacte amb tu<\/h2>\n<p>[\/vc_column_text][vc_empty_space height=&#8221;30px&#8221;]\n<div class=\"wpcf7 no-js\" id=\"wpcf7-f110-o1\" lang=\"es-ES\" dir=\"ltr\" data-wpcf7-id=\"110\">\n<div class=\"screen-reader-response\"><p role=\"status\" aria-live=\"polite\" aria-atomic=\"true\"><\/p> <ul><\/ul><\/div>\n<form action=\"\/ca\/wp-json\/wp\/v2\/pages\/454#wpcf7-f110-o1\" method=\"post\" class=\"wpcf7-form init cf7_custom_style_3\" aria-label=\"Formulario de contacto\" novalidate=\"novalidate\" data-status=\"init\">\n<fieldset class=\"hidden-fields-container\"><input type=\"hidden\" name=\"_wpcf7\" value=\"110\" \/><input type=\"hidden\" name=\"_wpcf7_version\" value=\"6.1.4\" \/><input type=\"hidden\" name=\"_wpcf7_locale\" value=\"es_ES\" \/><input type=\"hidden\" name=\"_wpcf7_unit_tag\" value=\"wpcf7-f110-o1\" \/><input type=\"hidden\" name=\"_wpcf7_container_post\" value=\"0\" \/><input type=\"hidden\" name=\"_wpcf7_posted_data_hash\" value=\"\" \/><input type=\"hidden\" name=\"_wpcf7_recaptcha_response\" value=\"\" \/>\n<\/fieldset>\n<div id=\"responsive-form\" class=\"clearfix\">\n\t<p><span class=\"wpcf7-form-control-wrap\" data-name=\"your-name\"><input size=\"40\" maxlength=\"400\" class=\"wpcf7-form-control wpcf7-text wpcf7-validates-as-required\" aria-required=\"true\" aria-invalid=\"false\" placeholder=\"Tu nombre*\" value=\"\" type=\"text\" name=\"your-name\" \/><\/span><br \/>\n<span class=\"wpcf7-form-control-wrap\" data-name=\"your-email\"><input size=\"40\" maxlength=\"400\" class=\"wpcf7-form-control wpcf7-email wpcf7-validates-as-required wpcf7-text wpcf7-validates-as-email\" aria-required=\"true\" aria-invalid=\"false\" placeholder=\"Email*\" value=\"\" type=\"email\" name=\"your-email\" \/><\/span>\n\t<\/p>\n<\/div>\n<p><span class=\"wpcf7-form-control-wrap\" data-name=\"your-phone\"><input size=\"40\" maxlength=\"400\" class=\"wpcf7-form-control wpcf7-tel wpcf7-validates-as-required wpcf7-text wpcf7-validates-as-tel\" aria-required=\"true\" aria-invalid=\"false\" placeholder=\"Tel\u00e9fono\" value=\"\" type=\"tel\" name=\"your-phone\" \/><\/span>\n<\/p>\n<p><span class=\"wpcf7-form-control-wrap\" data-name=\"number-317\"><input class=\"wpcf7-form-control wpcf7-number wpcf7-validates-as-required wpcf7-validates-as-number\" aria-required=\"true\" aria-invalid=\"false\" placeholder=\"N\u00famero de adultos\" value=\"\" type=\"number\" name=\"number-317\" \/><\/span><br \/>\n<span class=\"wpcf7-form-control-wrap\" data-name=\"number-318\"><input class=\"wpcf7-form-control wpcf7-number wpcf7-validates-as-required wpcf7-validates-as-number\" aria-required=\"true\" aria-invalid=\"false\" placeholder=\"N\u00famero de ni\u00f1os\" value=\"\" type=\"number\" name=\"number-318\" \/><\/span>\n<\/p>\n<p><span class=\"wpcf7-form-control-wrap\" data-name=\"textarea-648\"><textarea cols=\"40\" rows=\"10\" maxlength=\"2000\" class=\"wpcf7-form-control wpcf7-textarea\" aria-invalid=\"false\" placeholder=\"\u00bfQu\u00e9 fechas te interesa reservar?\" name=\"textarea-648\"><\/textarea><\/span>\n<\/p>\n<p><span class=\"wpcf7-form-control-wrap\" data-name=\"your-consent\"><span class=\"wpcf7-form-control wpcf7-acceptance\"><span class=\"wpcf7-list-item\"><label><input type=\"checkbox\" name=\"your-consent\" value=\"1\" aria-invalid=\"false\" \/><span class=\"wpcf7-list-item-label\">He le\u00eddo y acepto las <a href=\"https:\/\/calvibo.com\/politica-de-privacidad\" target=\"_blank\">cl\u00e1usulas de privacidad.<\/a>.<\/span><\/label><\/span><\/span><\/span>\n<\/p>\n<p><input class=\"wpcf7-form-control wpcf7-submit has-spinner\" type=\"submit\" value=\"Enviar\" \/>\n<\/p>\n\n \n<div class=\"wpcf7-response-output\" aria-hidden=\"true\"><\/div>\n<\/form>\n<\/div>\n[\/qode_elements_holder_item][\/qode_elements_holder][\/vc_column][vc_column width=&#8221;1\/6&#8243;][\/vc_column][\/vc_row][vc_row css_animation=&#8221;&#8221; row_type=&#8221;row&#8221; use_row_as_full_screen_section=&#8221;no&#8221; type=&#8221;full_width&#8221; angled_section=&#8221;no&#8221; text_align=&#8221;left&#8221; background_image_as_pattern=&#8221;without_pattern&#8221; css=&#8221;.vc_custom_1574766105898{background-color: #fff5eb !important;}&#8221; z_index=&#8221;&#8221; el_class=&#8221;paddingsecciones&#8221;][vc_column][vc_row_inner row_type=&#8221;row&#8221; type=&#8221;full_width&#8221; text_align=&#8221;left&#8221; css_animation=&#8221;&#8221;][vc_column_inner width=&#8221;1\/4&#8243;][\/vc_column_inner][vc_column_inner width=&#8221;1\/2&#8243;][vc_raw_html]PGRpdiBjbGFzcz0ibGluZWFjb250YWN0byIvPg==[\/vc_raw_html][vc_column_text]<\/p>\n<h2 class=\"cabecera\">Dades de contacte<\/h2>\n<p>[\/vc_column_text][vc_empty_space height=&#8221;30px&#8221;][vc_column_text]<\/p>\n<p class=\"datoscontacto\">Carrer d&#8217;Avall, 22<br \/>\n43886 Villabella, Tarragona<br \/>\n<a href=\"tel:+34624434467\">+34 624 434 467<\/a><br \/>\n<a href=\"mailto:casarural@calvibo.com\">casarural@calvibo.com <\/a> <\/p>\n<p>[\/vc_column_text][\/vc_column_inner][vc_column_inner width=&#8221;1\/4&#8243;][\/vc_column_inner][\/vc_row_inner][\/vc_column][\/vc_row]<\/p>\n","protected":false},"excerpt":{"rendered":"<p>[vc_row css_animation=&#8221;&#8221; row_type=&#8221;row&#8221; use_row_as_full_screen_section=&#8221;no&#8221; type=&#8221;grid&#8221; angled_section=&#8221;no&#8221; text_align=&#8221;left&#8221; background_image_as_pattern=&#8221;without_pattern&#8221; el_class=&#8221;paddingcabecera&#8221; z_index=&#8221;1&#8243; css=&#8221;.vc_custom_1574764694808{background-color: #fff5eb !important;}&#8221;][vc_column css_animation=&#8221;fadeInUp&#8221; width=&#8221;1\/6&#8243;][\/vc_column][vc_column width=&#8221;2\/3&#8243;][vc_column_text] T&#8217;agradaria reservar la teva estada a Cal Vibo? Fant\u00e0stic, ens encanta que hagis escollit la nostra casa rural per passar unes vacances especials. Ara nom\u00e9s has d&#8217;emplenar un petit&#8230;<\/p>\n","protected":false},"author":1,"featured_media":0,"parent":0,"menu_order":0,"comment_status":"closed","ping_status":"closed","template":"full_width.php","meta":{"_joinchat":[],"footnotes":""},"class_list":["post-454","page","type-page","status-publish","hentry"],"yoast_head":"<!-- This site is optimized with the Yoast SEO plugin v26.8 - https:\/\/yoast.com\/product\/yoast-seo-wordpress\/ -->\n<title>Reservar Casa Rural Cal Vibo a Vilabella | Casa rural per a families<\/title>\n<meta name=\"description\" content=\"Ara pot reservar la nostra Casa Rural Cal Vibo a Vilabella. Es ideal per a families, amb una capacitat m\u00e0xima de 11 persones, dividida en 3 plantes.\" \/>\n<meta name=\"robots\" content=\"index, follow, max-snippet:-1, max-image-preview:large, max-video-preview:-1\" \/>\n<link rel=\"canonical\" href=\"https:\/\/calvibo.com\/ca\/reserves\/\" \/>\n<meta property=\"og:locale\" content=\"ca_ES\" \/>\n<meta property=\"og:type\" content=\"article\" \/>\n<meta property=\"og:title\" content=\"Reservar Casa Rural Cal Vibo a Vilabella | Casa rural per a families\" \/>\n<meta property=\"og:description\" content=\"Ara pot reservar la nostra Casa Rural Cal Vibo a Vilabella. Es ideal per a families, amb una capacitat m\u00e0xima de 11 persones, dividida en 3 plantes.\" \/>\n<meta property=\"og:url\" content=\"https:\/\/calvibo.com\/ca\/reserves\/\" \/>\n<meta property=\"og:site_name\" content=\"Casa Rural Cal Vibo en Vilabella del Alt Camp\" \/>\n<meta property=\"article:modified_time\" content=\"2026-01-22T15:55:03+00:00\" \/>\n<meta name=\"twitter:card\" content=\"summary_large_image\" \/>\n<meta name=\"twitter:label1\" content=\"Temps estimat de lectura\" \/>\n\t<meta name=\"twitter:data1\" content=\"1 minut\" \/>\n<script type=\"application\/ld+json\" class=\"yoast-schema-graph\">{\"@context\":\"https:\/\/schema.org\",\"@graph\":[{\"@type\":\"WebPage\",\"@id\":\"https:\/\/calvibo.com\/ca\/reserves\/\",\"url\":\"https:\/\/calvibo.com\/ca\/reserves\/\",\"name\":\"Reservar Casa Rural Cal Vibo a Vilabella | Casa rural per a families\",\"isPartOf\":{\"@id\":\"https:\/\/calvibo.com\/ca\/#website\"},\"datePublished\":\"2019-11-26T09:35:41+00:00\",\"dateModified\":\"2026-01-22T15:55:03+00:00\",\"description\":\"Ara pot reservar la nostra Casa Rural Cal Vibo a Vilabella. Es ideal per a families, amb una capacitat m\u00e0xima de 11 persones, dividida en 3 plantes.\",\"breadcrumb\":{\"@id\":\"https:\/\/calvibo.com\/ca\/reserves\/#breadcrumb\"},\"inLanguage\":\"ca\",\"potentialAction\":[{\"@type\":\"ReadAction\",\"target\":[\"https:\/\/calvibo.com\/ca\/reserves\/\"]}]},{\"@type\":\"BreadcrumbList\",\"@id\":\"https:\/\/calvibo.com\/ca\/reserves\/#breadcrumb\",\"itemListElement\":[{\"@type\":\"ListItem\",\"position\":1,\"name\":\"Portada\",\"item\":\"https:\/\/calvibo.com\/ca\/\"},{\"@type\":\"ListItem\",\"position\":2,\"name\":\"Reserves\"}]},{\"@type\":\"WebSite\",\"@id\":\"https:\/\/calvibo.com\/ca\/#website\",\"url\":\"https:\/\/calvibo.com\/ca\/\",\"name\":\"Casa Rural Cal Vibo en Vilabella del Alt Camp\",\"description\":\"Casa rural situada en Vilabella poblaci\u00f3n del Alt Camp. Casa rural entera ideal para familias. Rodeada de vi\u00f1edos.\",\"potentialAction\":[{\"@type\":\"SearchAction\",\"target\":{\"@type\":\"EntryPoint\",\"urlTemplate\":\"https:\/\/calvibo.com\/ca\/?s={search_term_string}\"},\"query-input\":{\"@type\":\"PropertyValueSpecification\",\"valueRequired\":true,\"valueName\":\"search_term_string\"}}],\"inLanguage\":\"ca\"}]}<\/script>\n<!-- \/ Yoast SEO plugin. -->","yoast_head_json":{"title":"Reservar Casa Rural Cal Vibo a Vilabella | Casa rural per a families","description":"Ara pot reservar la nostra Casa Rural Cal Vibo a Vilabella. Es ideal per a families, amb una capacitat m\u00e0xima de 11 persones, dividida en 3 plantes.","robots":{"index":"index","follow":"follow","max-snippet":"max-snippet:-1","max-image-preview":"max-image-preview:large","max-video-preview":"max-video-preview:-1"},"canonical":"https:\/\/calvibo.com\/ca\/reserves\/","og_locale":"ca_ES","og_type":"article","og_title":"Reservar Casa Rural Cal Vibo a Vilabella | Casa rural per a families","og_description":"Ara pot reservar la nostra Casa Rural Cal Vibo a Vilabella. Es ideal per a families, amb una capacitat m\u00e0xima de 11 persones, dividida en 3 plantes.","og_url":"https:\/\/calvibo.com\/ca\/reserves\/","og_site_name":"Casa Rural Cal Vibo en Vilabella del Alt Camp","article_modified_time":"2026-01-22T15:55:03+00:00","twitter_card":"summary_large_image","twitter_misc":{"Temps estimat de lectura":"1 minut"},"schema":{"@context":"https:\/\/schema.org","@graph":[{"@type":"WebPage","@id":"https:\/\/calvibo.com\/ca\/reserves\/","url":"https:\/\/calvibo.com\/ca\/reserves\/","name":"Reservar Casa Rural Cal Vibo a Vilabella | Casa rural per a families","isPartOf":{"@id":"https:\/\/calvibo.com\/ca\/#website"},"datePublished":"2019-11-26T09:35:41+00:00","dateModified":"2026-01-22T15:55:03+00:00","description":"Ara pot reservar la nostra Casa Rural Cal Vibo a Vilabella. Es ideal per a families, amb una capacitat m\u00e0xima de 11 persones, dividida en 3 plantes.","breadcrumb":{"@id":"https:\/\/calvibo.com\/ca\/reserves\/#breadcrumb"},"inLanguage":"ca","potentialAction":[{"@type":"ReadAction","target":["https:\/\/calvibo.com\/ca\/reserves\/"]}]},{"@type":"BreadcrumbList","@id":"https:\/\/calvibo.com\/ca\/reserves\/#breadcrumb","itemListElement":[{"@type":"ListItem","position":1,"name":"Portada","item":"https:\/\/calvibo.com\/ca\/"},{"@type":"ListItem","position":2,"name":"Reserves"}]},{"@type":"WebSite","@id":"https:\/\/calvibo.com\/ca\/#website","url":"https:\/\/calvibo.com\/ca\/","name":"Casa Rural Cal Vibo en Vilabella del Alt Camp","description":"Casa rural situada en Vilabella poblaci\u00f3n del Alt Camp. Casa rural entera ideal para familias. Rodeada de vi\u00f1edos.","potentialAction":[{"@type":"SearchAction","target":{"@type":"EntryPoint","urlTemplate":"https:\/\/calvibo.com\/ca\/?s={search_term_string}"},"query-input":{"@type":"PropertyValueSpecification","valueRequired":true,"valueName":"search_term_string"}}],"inLanguage":"ca"}]}},"_links":{"self":[{"href":"https:\/\/calvibo.com\/ca\/wp-json\/wp\/v2\/pages\/454","targetHints":{"allow":["GET"]}}],"collection":[{"href":"https:\/\/calvibo.com\/ca\/wp-json\/wp\/v2\/pages"}],"about":[{"href":"https:\/\/calvibo.com\/ca\/wp-json\/wp\/v2\/types\/page"}],"author":[{"embeddable":true,"href":"https:\/\/calvibo.com\/ca\/wp-json\/wp\/v2\/users\/1"}],"replies":[{"embeddable":true,"href":"https:\/\/calvibo.com\/ca\/wp-json\/wp\/v2\/comments?post=454"}],"version-history":[{"count":11,"href":"https:\/\/calvibo.com\/ca\/wp-json\/wp\/v2\/pages\/454\/revisions"}],"predecessor-version":[{"id":956,"href":"https:\/\/calvibo.com\/ca\/wp-json\/wp\/v2\/pages\/454\/revisions\/956"}],"wp:attachment":[{"href":"https:\/\/calvibo.com\/ca\/wp-json\/wp\/v2\/media?parent=454"}],"curies":[{"name":"wp","href":"https:\/\/api.w.org\/{rel}","templated":true}]}}